{"id":519,"date":"2021-02-15T15:07:42","date_gmt":"2021-02-15T15:07:42","guid":{"rendered":"https:\/\/ircam.de\/?page_id=519"},"modified":"2021-02-17T16:37:16","modified_gmt":"2021-02-17T16:37:16","slug":"imprint","status":"publish","type":"page","link":"https:\/\/www.ircam.de\/?page_id=519","title":{"rendered":"Imprint"},"content":{"rendered":"\t\t<div data-elementor-type=\"wp-page\" data-elementor-id=\"519\" class=\"elementor elementor-519\" data-elementor-post-type=\"page\">\n\t\t\t\t\t\t<section class=\"elementor-section elementor-top-section elementor-element elementor-element-5933a4e9 elementor-section-full_width elementor-reverse-mobile elementor-section-height-default elementor-section-height-default\" data-id=\"5933a4e9\" data-element_type=\"section\" data-e-type=\"section\" data-settings=\"{&quot;background_background&quot;:&quot;classic&quot;}\">\n\t\t\t\t\t\t<div class=\"elementor-container elementor-column-gap-default\">\n\t\t\t\t\t<div class=\"elementor-column elementor-col-33 elementor-top-column elementor-element elementor-element-47c44c1b\" data-id=\"47c44c1b\" data-element_type=\"column\" data-e-type=\"column\">\n\t\t\t<div class=\"elementor-widget-wrap elementor-element-populated\">\n\t\t\t\t\t\t<div class=\"elementor-element elementor-element-42d47fa8 elementor-widget__width-auto elementor-widget elementor-widget-image\" data-id=\"42d47fa8\" data-element_type=\"widget\" data-e-type=\"widget\" data-widget_type=\"image.default\">\n\t\t\t\t<div class=\"elementor-widget-container\">\n\t\t\t\t\t\t\t\t\t\t\t\t\t\t\t\t<a href=\"\/\">\n\t\t\t\t\t\t\t<img fetchpriority=\"high\" decoding=\"async\" width=\"829\" height=\"172\" src=\"https:\/\/www.ircam.de\/wp-content\/uploads\/2021\/02\/cropped-ircam_logo-gross.jpg\" class=\"attachment-large size-large wp-image-544\" alt=\"\" srcset=\"https:\/\/www.ircam.de\/wp-content\/uploads\/2021\/02\/cropped-ircam_logo-gross.jpg 829w, https:\/\/www.ircam.de\/wp-content\/uploads\/2021\/02\/cropped-ircam_logo-gross-300x62.jpg 300w, https:\/\/www.ircam.de\/wp-content\/uploads\/2021\/02\/cropped-ircam_logo-gross-768x159.jpg 768w\" sizes=\"(max-width: 829px) 100vw, 829px\" \/>\t\t\t\t\t\t\t\t<\/a>\n\t\t\t\t\t\t\t\t\t\t\t\t\t\t\t<\/div>\n\t\t\t\t<\/div>\n\t\t\t\t\t<\/div>\n\t\t<\/div>\n\t\t\t\t<div class=\"elementor-column elementor-col-66 elementor-top-column elementor-element elementor-element-4fbe960d\" data-id=\"4fbe960d\" data-element_type=\"column\" data-e-type=\"column\">\n\t\t\t<div class=\"elementor-widget-wrap elementor-element-populated\">\n\t\t\t\t\t\t<div class=\"elementor-element elementor-element-7590f11b elementor-nav-menu__align-end elementor-nav-menu--dropdown-mobile elementor-nav-menu__text-align-aside elementor-nav-menu--toggle elementor-nav-menu--burger elementor-widget elementor-widget-nav-menu\" data-id=\"7590f11b\" data-element_type=\"widget\" data-e-type=\"widget\" data-settings=\"{&quot;layout&quot;:&quot;horizontal&quot;,&quot;submenu_icon&quot;:{&quot;value&quot;:&quot;&lt;i class=\\&quot;fas fa-caret-down\\&quot; aria-hidden=\\&quot;true\\&quot;&gt;&lt;\\\/i&gt;&quot;,&quot;library&quot;:&quot;fa-solid&quot;},&quot;toggle&quot;:&quot;burger&quot;}\" data-widget_type=\"nav-menu.default\">\n\t\t\t\t<div class=\"elementor-widget-container\">\n\t\t\t\t\t\t\t\t<nav aria-label=\"Menu\" class=\"elementor-nav-menu--main elementor-nav-menu__container elementor-nav-menu--layout-horizontal e--pointer-underline e--animation-fade\">\n\t\t\t\t<ul id=\"menu-1-7590f11b\" class=\"elementor-nav-menu\"><li class=\"menu-item menu-item-type-post_type menu-item-object-page menu-item-532\"><a href=\"https:\/\/www.ircam.de\/?page_id=502\" class=\"elementor-item\">IR Cameras<\/a><\/li>\n<li class=\"menu-item menu-item-type-post_type menu-item-object-page menu-item-533\"><a href=\"https:\/\/www.ircam.de\/?page_id=507\" class=\"elementor-item\">IR Lenses<\/a><\/li>\n<li class=\"menu-item menu-item-type-post_type menu-item-object-page menu-item-534\"><a href=\"https:\/\/www.ircam.de\/?page_id=512\" class=\"elementor-item\">Software<\/a><\/li>\n<li class=\"menu-item menu-item-type-post_type menu-item-object-page menu-item-535\"><a href=\"https:\/\/www.ircam.de\/?page_id=525\" class=\"elementor-item\">Company<\/a><\/li>\n<li class=\"menu-item menu-item-type-post_type menu-item-object-page menu-item-891\"><a href=\"https:\/\/www.ircam.de\/?page_id=886\" class=\"elementor-item\">DE<\/a><\/li>\n<\/ul>\t\t\t<\/nav>\n\t\t\t\t\t<div class=\"elementor-menu-toggle\" role=\"button\" tabindex=\"0\" aria-label=\"Menu Toggle\" aria-expanded=\"false\">\n\t\t\t<i aria-hidden=\"true\" role=\"presentation\" class=\"elementor-menu-toggle__icon--open eicon-menu-bar\"><\/i><i aria-hidden=\"true\" role=\"presentation\" class=\"elementor-menu-toggle__icon--close eicon-close\"><\/i>\t\t<\/div>\n\t\t\t\t\t<nav class=\"elementor-nav-menu--dropdown elementor-nav-menu__container\" aria-hidden=\"true\">\n\t\t\t\t<ul id=\"menu-2-7590f11b\" class=\"elementor-nav-menu\"><li class=\"menu-item menu-item-type-post_type menu-item-object-page menu-item-532\"><a href=\"https:\/\/www.ircam.de\/?page_id=502\" class=\"elementor-item\" tabindex=\"-1\">IR Cameras<\/a><\/li>\n<li class=\"menu-item menu-item-type-post_type menu-item-object-page menu-item-533\"><a href=\"https:\/\/www.ircam.de\/?page_id=507\" class=\"elementor-item\" tabindex=\"-1\">IR Lenses<\/a><\/li>\n<li class=\"menu-item menu-item-type-post_type menu-item-object-page menu-item-534\"><a href=\"https:\/\/www.ircam.de\/?page_id=512\" class=\"elementor-item\" tabindex=\"-1\">Software<\/a><\/li>\n<li class=\"menu-item menu-item-type-post_type menu-item-object-page menu-item-535\"><a href=\"https:\/\/www.ircam.de\/?page_id=525\" class=\"elementor-item\" tabindex=\"-1\">Company<\/a><\/li>\n<li class=\"menu-item menu-item-type-post_type menu-item-object-page menu-item-891\"><a href=\"https:\/\/www.ircam.de\/?page_id=886\" class=\"elementor-item\" tabindex=\"-1\">DE<\/a><\/li>\n<\/ul>\t\t\t<\/nav>\n\t\t\t\t\t\t<\/div>\n\t\t\t\t<\/div>\n\t\t\t\t\t<\/div>\n\t\t<\/div>\n\t\t\t\t\t<\/div>\n\t\t<\/section>\n\t\t\t\t<section class=\"elementor-section elementor-top-section elementor-element elementor-element-2a3e1255 elementor-section-boxed elementor-section-height-default elementor-section-height-default\" data-id=\"2a3e1255\" data-element_type=\"section\" data-e-type=\"section\" data-settings=\"{&quot;background_background&quot;:&quot;classic&quot;}\">\n\t\t\t\t\t\t<div class=\"elementor-container elementor-column-gap-default\">\n\t\t\t\t\t<div class=\"elementor-column elementor-col-100 elementor-top-column elementor-element elementor-element-127dff7a\" data-id=\"127dff7a\" data-element_type=\"column\" data-e-type=\"column\">\n\t\t\t<div class=\"elementor-widget-wrap elementor-element-populated\">\n\t\t\t\t\t\t<div class=\"elementor-element elementor-element-477f2804 elementor-widget elementor-widget-image\" data-id=\"477f2804\" data-element_type=\"widget\" data-e-type=\"widget\" data-widget_type=\"image.default\">\n\t\t\t\t<div class=\"elementor-widget-container\">\n\t\t\t\t\t\t\t\t\t\t\t\t\t\t\t<img decoding=\"async\" width=\"1200\" height=\"400\" src=\"https:\/\/www.ircam.de\/wp-content\/uploads\/2021\/02\/Erlangen_Panorama_1200x400-2.jpg\" class=\"attachment-full size-full wp-image-521\" alt=\"\" srcset=\"https:\/\/www.ircam.de\/wp-content\/uploads\/2021\/02\/Erlangen_Panorama_1200x400-2.jpg 1200w, https:\/\/www.ircam.de\/wp-content\/uploads\/2021\/02\/Erlangen_Panorama_1200x400-2-300x100.jpg 300w, https:\/\/www.ircam.de\/wp-content\/uploads\/2021\/02\/Erlangen_Panorama_1200x400-2-1024x341.jpg 1024w, https:\/\/www.ircam.de\/wp-content\/uploads\/2021\/02\/Erlangen_Panorama_1200x400-2-768x256.jpg 768w\" sizes=\"(max-width: 1200px) 100vw, 1200px\" \/>\t\t\t\t\t\t\t\t\t\t\t\t\t\t\t<\/div>\n\t\t\t\t<\/div>\n\t\t\t\t\t<\/div>\n\t\t<\/div>\n\t\t\t\t\t<\/div>\n\t\t<\/section>\n\t\t\t\t<section class=\"elementor-section elementor-top-section elementor-element elementor-element-2a435610 elementor-section-boxed elementor-section-height-default elementor-section-height-default\" data-id=\"2a435610\" data-element_type=\"section\" data-e-type=\"section\" data-settings=\"{&quot;background_background&quot;:&quot;classic&quot;}\">\n\t\t\t\t\t\t<div class=\"elementor-container elementor-column-gap-default\">\n\t\t\t\t\t<div class=\"elementor-column elementor-col-100 elementor-top-column elementor-element elementor-element-1f0d09ca\" data-id=\"1f0d09ca\" data-element_type=\"column\" data-e-type=\"column\" data-settings=\"{&quot;background_background&quot;:&quot;classic&quot;}\">\n\t\t\t<div class=\"elementor-widget-wrap elementor-element-populated\">\n\t\t\t\t\t\t<div class=\"elementor-element elementor-element-46004553 elementor-widget elementor-widget-spacer\" data-id=\"46004553\" data-element_type=\"widget\" data-e-type=\"widget\" data-widget_type=\"spacer.default\">\n\t\t\t\t<div class=\"elementor-widget-container\">\n\t\t\t\t\t\t\t<div class=\"elementor-spacer\">\n\t\t\t<div class=\"elementor-spacer-inner\"><\/div>\n\t\t<\/div>\n\t\t\t\t\t\t<\/div>\n\t\t\t\t<\/div>\n\t\t\t\t<div class=\"elementor-element elementor-element-17702ed elementor-widget elementor-widget-heading\" data-id=\"17702ed\" data-element_type=\"widget\" data-e-type=\"widget\" data-widget_type=\"heading.default\">\n\t\t\t\t<div class=\"elementor-widget-container\">\n\t\t\t\t\t<h1 class=\"elementor-heading-title elementor-size-default\">Imprint<\/h1>\t\t\t\t<\/div>\n\t\t\t\t<\/div>\n\t\t\t\t\t<\/div>\n\t\t<\/div>\n\t\t\t\t\t<\/div>\n\t\t<\/section>\n\t\t\t\t<section class=\"elementor-section elementor-top-section elementor-element elementor-element-5cd54426 elementor-section-boxed elementor-section-height-default elementor-section-height-default\" data-id=\"5cd54426\" data-element_type=\"section\" data-e-type=\"section\" data-settings=\"{&quot;background_background&quot;:&quot;classic&quot;}\">\n\t\t\t\t\t\t<div class=\"elementor-container elementor-column-gap-default\">\n\t\t\t\t\t<div class=\"elementor-column elementor-col-100 elementor-top-column elementor-element elementor-element-11ad8624\" data-id=\"11ad8624\" data-element_type=\"column\" data-e-type=\"column\" data-settings=\"{&quot;background_background&quot;:&quot;classic&quot;}\">\n\t\t\t<div class=\"elementor-widget-wrap elementor-element-populated\">\n\t\t\t\t\t\t<div class=\"elementor-element elementor-element-8fe9684 elementor-widget elementor-widget-text-editor\" data-id=\"8fe9684\" data-element_type=\"widget\" data-e-type=\"widget\" data-widget_type=\"text-editor.default\">\n\t\t\t\t<div class=\"elementor-widget-container\">\n\t\t\t\t\t\t\t\t\t<p><strong>Published by:<\/strong><\/p>\n<p>IRCAM GmbH<br>N\u00fcrnberger Str. 71<br>D-91052 Erlangen<br>Phone: +49 (0)9131 &#8211; 970098-0<br>Fax: +49 (0)9131 &#8211; 970098-99<br>E-mail: info@ircam.de<\/p>\n<p>VAT-ID: DE814424308<br>St.-Nr.: 216 129 40441<br>Amtsgericht F\u00fcrth HRB 10146<\/p>\n<p><strong>Managing directors:<\/strong><\/p>\n<p>Dr. Oliver Schreer<br>Dr. M\u00f3nica L\u00f3pez S\u00e1enz<\/p>\n<p><strong>Disclaimer:<\/strong><\/p>\n<p>IRCAM GmbH is responsible for all contents of this website.<\/p>\n<p>However, neither IRCAM GmbH nor any third party assumes any liabilty for accuracy, completeness and actuality. All contents of these pages are exclusively to inform the user of IRCAM&#8217;s online offer. The corresponding provider is responsible for third party websites which are referred to by IRCAM GmbH with a so called hyperlink.<\/p>\n<p>IRCAM GmbH is not liable for the contents of websites of third parties. Furthermore it is possible that another webpage is linking to our website via hyperlink without our knowledge. We assume no responsibility for representations, content or any connection to our website in third-party websites.<\/p>\n<p>We reserve the right to modify and or make amendments to the information provided without prior notice. Content and structure of the website are protected by copyright. Any reproduction of information or data &#8211; especially the use of texts, text excerpts, graphics and other images from the website &#8211; is subject to the explicit prior consent of IRCAM GmbH.<\/p>\n<p><\/p>\t\t\t\t\t\t\t\t<\/div>\n\t\t\t\t<\/div>\n\t\t\t\t\t<\/div>\n\t\t<\/div>\n\t\t\t\t\t<\/div>\n\t\t<\/section>\n\t\t\t\t<section class=\"elementor-section elementor-top-section elementor-element elementor-element-51336dfb elementor-section-boxed elementor-section-height-default elementor-section-height-default\" data-id=\"51336dfb\" data-element_type=\"section\" data-e-type=\"section\" data-settings=\"{&quot;background_background&quot;:&quot;classic&quot;}\">\n\t\t\t\t\t\t<div class=\"elementor-container elementor-column-gap-default\">\n\t\t\t\t\t<div class=\"elementor-column elementor-col-100 elementor-top-column elementor-element elementor-element-2027e9d0\" data-id=\"2027e9d0\" data-element_type=\"column\" data-e-type=\"column\" data-settings=\"{&quot;background_background&quot;:&quot;classic&quot;}\">\n\t\t\t<div class=\"elementor-widget-wrap elementor-element-populated\">\n\t\t\t\t\t\t<div class=\"elementor-element elementor-element-67e4c96f elementor-widget elementor-widget-spacer\" data-id=\"67e4c96f\" data-element_type=\"widget\" data-e-type=\"widget\" data-widget_type=\"spacer.default\">\n\t\t\t\t<div class=\"elementor-widget-container\">\n\t\t\t\t\t\t\t<div class=\"elementor-spacer\">\n\t\t\t<div class=\"elementor-spacer-inner\"><\/div>\n\t\t<\/div>\n\t\t\t\t\t\t<\/div>\n\t\t\t\t<\/div>\n\t\t\t\t\t<\/div>\n\t\t<\/div>\n\t\t\t\t\t<\/div>\n\t\t<\/section>\n\t\t\t\t<section class=\"elementor-section elementor-top-section elementor-element elementor-element-d413c9 elementor-section-boxed elementor-section-height-default elementor-section-height-default\" data-id=\"d413c9\" data-element_type=\"section\" data-e-type=\"section\" data-settings=\"{&quot;background_background&quot;:&quot;classic&quot;}\">\n\t\t\t\t\t\t<div class=\"elementor-container elementor-column-gap-default\">\n\t\t\t\t\t<div class=\"elementor-column elementor-col-100 elementor-top-column elementor-element elementor-element-7bd5379\" data-id=\"7bd5379\" data-element_type=\"column\" data-e-type=\"column\" data-settings=\"{&quot;background_background&quot;:&quot;classic&quot;}\">\n\t\t\t<div class=\"elementor-widget-wrap elementor-element-populated\">\n\t\t\t\t\t\t<div class=\"elementor-element elementor-element-39320d02 elementor-nav-menu--dropdown-tablet elementor-nav-menu__text-align-aside elementor-nav-menu--toggle elementor-nav-menu--burger elementor-widget elementor-widget-nav-menu\" data-id=\"39320d02\" data-element_type=\"widget\" data-e-type=\"widget\" data-settings=\"{&quot;layout&quot;:&quot;horizontal&quot;,&quot;submenu_icon&quot;:{&quot;value&quot;:&quot;&lt;i class=\\&quot;fas fa-caret-down\\&quot; aria-hidden=\\&quot;true\\&quot;&gt;&lt;\\\/i&gt;&quot;,&quot;library&quot;:&quot;fa-solid&quot;},&quot;toggle&quot;:&quot;burger&quot;}\" data-widget_type=\"nav-menu.default\">\n\t\t\t\t<div class=\"elementor-widget-container\">\n\t\t\t\t\t\t\t\t<nav aria-label=\"Menu\" class=\"elementor-nav-menu--main elementor-nav-menu__container elementor-nav-menu--layout-horizontal e--pointer-underline e--animation-fade\">\n\t\t\t\t<ul id=\"menu-1-39320d02\" class=\"elementor-nav-menu\"><li class=\"menu-item menu-item-type-post_type menu-item-object-page menu-item-541\"><a href=\"https:\/\/www.ircam.de\/?page_id=519\" class=\"elementor-item\">Imprint<\/a><\/li>\n<li class=\"menu-item menu-item-type-post_type menu-item-object-page menu-item-589\"><a href=\"https:\/\/www.ircam.de\/?page_id=584\" class=\"elementor-item\">Privacy Policy<\/a><\/li>\n<\/ul>\t\t\t<\/nav>\n\t\t\t\t\t<div class=\"elementor-menu-toggle\" role=\"button\" tabindex=\"0\" aria-label=\"Menu Toggle\" aria-expanded=\"false\">\n\t\t\t<i aria-hidden=\"true\" role=\"presentation\" class=\"elementor-menu-toggle__icon--open eicon-menu-bar\"><\/i><i aria-hidden=\"true\" role=\"presentation\" class=\"elementor-menu-toggle__icon--close eicon-close\"><\/i>\t\t<\/div>\n\t\t\t\t\t<nav class=\"elementor-nav-menu--dropdown elementor-nav-menu__container\" aria-hidden=\"true\">\n\t\t\t\t<ul id=\"menu-2-39320d02\" class=\"elementor-nav-menu\"><li class=\"menu-item menu-item-type-post_type menu-item-object-page menu-item-541\"><a href=\"https:\/\/www.ircam.de\/?page_id=519\" class=\"elementor-item\" tabindex=\"-1\">Imprint<\/a><\/li>\n<li class=\"menu-item menu-item-type-post_type menu-item-object-page menu-item-589\"><a href=\"https:\/\/www.ircam.de\/?page_id=584\" class=\"elementor-item\" tabindex=\"-1\">Privacy Policy<\/a><\/li>\n<\/ul>\t\t\t<\/nav>\n\t\t\t\t\t\t<\/div>\n\t\t\t\t<\/div>\n\t\t\t\t\t<\/div>\n\t\t<\/div>\n\t\t\t\t\t<\/div>\n\t\t<\/section>\n\t\t\t\t<section class=\"elementor-section elementor-top-section elementor-element elementor-element-1a3a5885 elementor-section-boxed elementor-section-height-default elementor-section-height-default\" data-id=\"1a3a5885\" data-element_type=\"section\" data-e-type=\"section\" data-settings=\"{&quot;background_background&quot;:&quot;classic&quot;}\">\n\t\t\t\t\t\t<div class=\"elementor-container elementor-column-gap-default\">\n\t\t\t\t\t<div class=\"elementor-column elementor-col-100 elementor-top-column elementor-element elementor-element-7dd408c4\" data-id=\"7dd408c4\" data-element_type=\"column\" data-e-type=\"column\" data-settings=\"{&quot;background_background&quot;:&quot;classic&quot;}\">\n\t\t\t<div class=\"elementor-widget-wrap elementor-element-populated\">\n\t\t\t\t\t\t<div class=\"elementor-element elementor-element-3ba4f72 elementor-widget elementor-widget-spacer\" data-id=\"3ba4f72\" data-element_type=\"widget\" data-e-type=\"widget\" data-widget_type=\"spacer.default\">\n\t\t\t\t<div class=\"elementor-widget-container\">\n\t\t\t\t\t\t\t<div class=\"elementor-spacer\">\n\t\t\t<div class=\"elementor-spacer-inner\"><\/div>\n\t\t<\/div>\n\t\t\t\t\t\t<\/div>\n\t\t\t\t<\/div>\n\t\t\t\t\t<\/div>\n\t\t<\/div>\n\t\t\t\t\t<\/div>\n\t\t<\/section>\n\t\t\t\t<\/div>\n\t\t","protected":false},"excerpt":{"rendered":"<p>Imprint Published by: IRCAM GmbHN\u00fcrnberger Str. 71D-91052 ErlangenPhone: +49 (0)9131 &#8211; 970098-0Fax: +49 (0)9131 &#8211; 970098-99E-mail: info@ircam.de VAT-ID: DE814424308St.-Nr.: 216 129 40441Amtsgericht F\u00fcrth HRB 10146 Managing directors: Dr. Oliver SchreerDr. M\u00f3nica L\u00f3pez S\u00e1enz Disclaimer: IRCAM GmbH is responsible for all contents of this website. However, neither IRCAM GmbH nor any third party assumes any liabilty [&hellip;]<\/p>\n","protected":false},"author":1,"featured_media":0,"parent":0,"menu_order":0,"comment_status":"closed","ping_status":"closed","template":"elementor_canvas","meta":{"ocean_post_layout":"","ocean_both_sidebars_style":"","ocean_both_sidebars_content_width":0,"ocean_both_sidebars_sidebars_width":0,"ocean_sidebar":"0","ocean_second_sidebar":"0","ocean_disable_margins":"enable","ocean_add_body_class":"","ocean_shortcode_before_top_bar":"","ocean_shortcode_after_top_bar":"","ocean_shortcode_before_header":"","ocean_shortcode_after_header":"","ocean_has_shortcode":"","ocean_shortcode_after_title":"","ocean_shortcode_before_footer_widgets":"","ocean_shortcode_after_footer_widgets":"","ocean_shortcode_before_footer_bottom":"","ocean_shortcode_after_footer_bottom":"","ocean_display_top_bar":"default","ocean_display_header":"default","ocean_header_style":"","ocean_center_header_left_menu":"0","ocean_custom_header_template":"0","ocean_custom_logo":0,"ocean_custom_retina_logo":0,"ocean_custom_logo_max_width":0,"ocean_custom_logo_tablet_max_width":0,"ocean_custom_logo_mobile_max_width":0,"ocean_custom_logo_max_height":0,"ocean_custom_logo_tablet_max_height":0,"ocean_custom_logo_mobile_max_height":0,"ocean_header_custom_menu":"0","ocean_menu_typo_font_family":"0","ocean_menu_typo_font_subset":"","ocean_menu_typo_font_size":0,"ocean_menu_typo_font_size_tablet":0,"ocean_menu_typo_font_size_mobile":0,"ocean_menu_typo_font_size_unit":"px","ocean_menu_typo_font_weight":"","ocean_menu_typo_font_weight_tablet":"","ocean_menu_typo_font_weight_mobile":"","ocean_menu_typo_transform":"","ocean_menu_typo_transform_tablet":"","ocean_menu_typo_transform_mobile":"","ocean_menu_typo_line_height":0,"ocean_menu_typo_line_height_tablet":0,"ocean_menu_typo_line_height_mobile":0,"ocean_menu_typo_line_height_unit":"","ocean_menu_typo_spacing":0,"ocean_menu_typo_spacing_tablet":0,"ocean_menu_typo_spacing_mobile":0,"ocean_menu_typo_spacing_unit":"","ocean_menu_link_color":"","ocean_menu_link_color_hover":"","ocean_menu_link_color_active":"","ocean_menu_link_background":"","ocean_menu_link_hover_background":"","ocean_menu_link_active_background":"","ocean_menu_social_links_bg":"","ocean_menu_social_hover_links_bg":"","ocean_menu_social_links_color":"","ocean_menu_social_hover_links_color":"","ocean_disable_title":"default","ocean_disable_heading":"default","ocean_post_title":"","ocean_post_subheading":"","ocean_post_title_style":"","ocean_post_title_background_color":"","ocean_post_title_background":0,"ocean_post_title_bg_image_position":"","ocean_post_title_bg_image_attachment":"","ocean_post_title_bg_image_repeat":"","ocean_post_title_bg_image_size":"","ocean_post_title_height":0,"ocean_post_title_bg_overlay":0.5,"ocean_post_title_bg_overlay_color":"","ocean_disable_breadcrumbs":"default","ocean_breadcrumbs_color":"","ocean_breadcrumbs_separator_color":"","ocean_breadcrumbs_links_color":"","ocean_breadcrumbs_links_hover_color":"","ocean_display_footer_widgets":"default","ocean_display_footer_bottom":"default","ocean_custom_footer_template":"0","footnotes":""},"class_list":["post-519","page","type-page","status-publish","hentry","entry"],"_links":{"self":[{"href":"https:\/\/www.ircam.de\/index.php?rest_route=\/wp\/v2\/pages\/519","targetHints":{"allow":["GET"]}}],"collection":[{"href":"https:\/\/www.ircam.de\/index.php?rest_route=\/wp\/v2\/pages"}],"about":[{"href":"https:\/\/www.ircam.de\/index.php?rest_route=\/wp\/v2\/types\/page"}],"author":[{"embeddable":true,"href":"https:\/\/www.ircam.de\/index.php?rest_route=\/wp\/v2\/users\/1"}],"replies":[{"embeddable":true,"href":"https:\/\/www.ircam.de\/index.php?rest_route=%2Fwp%2Fv2%2Fcomments&post=519"}],"version-history":[{"count":19,"href":"https:\/\/www.ircam.de\/index.php?rest_route=\/wp\/v2\/pages\/519\/revisions"}],"predecessor-version":[{"id":1072,"href":"https:\/\/www.ircam.de\/index.php?rest_route=\/wp\/v2\/pages\/519\/revisions\/1072"}],"wp:attachment":[{"href":"https:\/\/www.ircam.de\/index.php?rest_route=%2Fwp%2Fv2%2Fmedia&parent=519"}],"curies":[{"name":"wp","href":"https:\/\/api.w.org\/{rel}","templated":true}]}}