{"id":1084,"date":"2021-02-19T06:11:05","date_gmt":"2021-02-19T06:11:05","guid":{"rendered":"https:\/\/www.ircam.de\/?page_id=1084"},"modified":"2021-02-24T15:33:07","modified_gmt":"2021-02-24T15:33:07","slug":"ir-cameras-de","status":"publish","type":"page","link":"https:\/\/www.ircam.de\/?page_id=1084","title":{"rendered":"IR Cameras DE"},"content":{"rendered":"\t\t<div data-elementor-type=\"wp-page\" data-elementor-id=\"1084\" class=\"elementor elementor-1084\" data-elementor-post-type=\"page\">\n\t\t\t\t\t\t<section class=\"elementor-section elementor-top-section elementor-element elementor-element-5999cf9d elementor-section-full_width elementor-reverse-mobile elementor-section-height-default elementor-section-height-default\" data-id=\"5999cf9d\" data-element_type=\"section\" data-e-type=\"section\" data-settings=\"{&quot;background_background&quot;:&quot;classic&quot;}\">\n\t\t\t\t\t\t<div class=\"elementor-container elementor-column-gap-default\">\n\t\t\t\t\t<div class=\"elementor-column elementor-col-33 elementor-top-column elementor-element elementor-element-7668afa7\" data-id=\"7668afa7\" data-element_type=\"column\" data-e-type=\"column\">\n\t\t\t<div class=\"elementor-widget-wrap elementor-element-populated\">\n\t\t\t\t\t\t<div class=\"elementor-element elementor-element-4a0b2301 elementor-widget__width-auto elementor-widget elementor-widget-image\" data-id=\"4a0b2301\" data-element_type=\"widget\" data-e-type=\"widget\" data-widget_type=\"image.default\">\n\t\t\t\t<div class=\"elementor-widget-container\">\n\t\t\t\t\t\t\t\t\t\t\t\t\t\t\t\t<a href=\"\/\">\n\t\t\t\t\t\t\t<img fetchpriority=\"high\" decoding=\"async\" width=\"829\" height=\"172\" src=\"https:\/\/www.ircam.de\/wp-content\/uploads\/2021\/02\/cropped-ircam_logo-gross.jpg\" class=\"attachment-large size-large wp-image-544\" alt=\"\" srcset=\"https:\/\/www.ircam.de\/wp-content\/uploads\/2021\/02\/cropped-ircam_logo-gross.jpg 829w, https:\/\/www.ircam.de\/wp-content\/uploads\/2021\/02\/cropped-ircam_logo-gross-300x62.jpg 300w, https:\/\/www.ircam.de\/wp-content\/uploads\/2021\/02\/cropped-ircam_logo-gross-768x159.jpg 768w\" sizes=\"(max-width: 829px) 100vw, 829px\" \/>\t\t\t\t\t\t\t\t<\/a>\n\t\t\t\t\t\t\t\t\t\t\t\t\t\t\t<\/div>\n\t\t\t\t<\/div>\n\t\t\t\t\t<\/div>\n\t\t<\/div>\n\t\t\t\t<div class=\"elementor-column elementor-col-66 elementor-top-column elementor-element elementor-element-3d1cda5\" data-id=\"3d1cda5\" data-element_type=\"column\" data-e-type=\"column\">\n\t\t\t<div class=\"elementor-widget-wrap elementor-element-populated\">\n\t\t\t\t\t\t<div class=\"elementor-element elementor-element-10453ae5 elementor-nav-menu__align-end elementor-nav-menu--dropdown-mobile elementor-nav-menu__text-align-aside elementor-nav-menu--toggle elementor-nav-menu--burger elementor-widget elementor-widget-nav-menu\" data-id=\"10453ae5\" data-element_type=\"widget\" data-e-type=\"widget\" data-settings=\"{&quot;layout&quot;:&quot;horizontal&quot;,&quot;submenu_icon&quot;:{&quot;value&quot;:&quot;&lt;i class=\\&quot;fas fa-caret-down\\&quot; aria-hidden=\\&quot;true\\&quot;&gt;&lt;\\\/i&gt;&quot;,&quot;library&quot;:&quot;fa-solid&quot;},&quot;toggle&quot;:&quot;burger&quot;}\" data-widget_type=\"nav-menu.default\">\n\t\t\t\t<div class=\"elementor-widget-container\">\n\t\t\t\t\t\t\t\t<nav aria-label=\"Menu\" class=\"elementor-nav-menu--main elementor-nav-menu__container elementor-nav-menu--layout-horizontal e--pointer-underline e--animation-fade\">\n\t\t\t\t<ul id=\"menu-1-10453ae5\" class=\"elementor-nav-menu\"><li class=\"menu-item menu-item-type-post_type menu-item-object-page menu-item-1628\"><a href=\"https:\/\/www.ircam.de\/?page_id=1084\" class=\"elementor-item\">IR Kameras<\/a><\/li>\n<li class=\"menu-item menu-item-type-post_type menu-item-object-page menu-item-1338\"><a href=\"https:\/\/www.ircam.de\/?page_id=1098\" class=\"elementor-item\">IR-Objektive<\/a><\/li>\n<li class=\"menu-item menu-item-type-post_type menu-item-object-page menu-item-1190\"><a href=\"https:\/\/www.ircam.de\/?page_id=1129\" class=\"elementor-item\">Software<\/a><\/li>\n<li class=\"menu-item menu-item-type-post_type menu-item-object-page menu-item-1661\"><a href=\"https:\/\/www.ircam.de\/?page_id=1652\" class=\"elementor-item\">Firma<\/a><\/li>\n<li class=\"menu-item menu-item-type-post_type menu-item-object-page menu-item-896\"><a href=\"https:\/\/www.ircam.de\/?page_id=476\" class=\"elementor-item\">EN<\/a><\/li>\n<\/ul>\t\t\t<\/nav>\n\t\t\t\t\t<div class=\"elementor-menu-toggle\" role=\"button\" tabindex=\"0\" aria-label=\"Menu Toggle\" aria-expanded=\"false\">\n\t\t\t<i aria-hidden=\"true\" role=\"presentation\" class=\"elementor-menu-toggle__icon--open eicon-menu-bar\"><\/i><i aria-hidden=\"true\" role=\"presentation\" class=\"elementor-menu-toggle__icon--close eicon-close\"><\/i>\t\t<\/div>\n\t\t\t\t\t<nav class=\"elementor-nav-menu--dropdown elementor-nav-menu__container\" aria-hidden=\"true\">\n\t\t\t\t<ul id=\"menu-2-10453ae5\" class=\"elementor-nav-menu\"><li class=\"menu-item menu-item-type-post_type menu-item-object-page menu-item-1628\"><a href=\"https:\/\/www.ircam.de\/?page_id=1084\" class=\"elementor-item\" tabindex=\"-1\">IR Kameras<\/a><\/li>\n<li class=\"menu-item menu-item-type-post_type menu-item-object-page menu-item-1338\"><a href=\"https:\/\/www.ircam.de\/?page_id=1098\" class=\"elementor-item\" tabindex=\"-1\">IR-Objektive<\/a><\/li>\n<li class=\"menu-item menu-item-type-post_type menu-item-object-page menu-item-1190\"><a href=\"https:\/\/www.ircam.de\/?page_id=1129\" class=\"elementor-item\" tabindex=\"-1\">Software<\/a><\/li>\n<li class=\"menu-item menu-item-type-post_type menu-item-object-page menu-item-1661\"><a href=\"https:\/\/www.ircam.de\/?page_id=1652\" class=\"elementor-item\" tabindex=\"-1\">Firma<\/a><\/li>\n<li class=\"menu-item menu-item-type-post_type menu-item-object-page menu-item-896\"><a href=\"https:\/\/www.ircam.de\/?page_id=476\" class=\"elementor-item\" tabindex=\"-1\">EN<\/a><\/li>\n<\/ul>\t\t\t<\/nav>\n\t\t\t\t\t\t<\/div>\n\t\t\t\t<\/div>\n\t\t\t\t\t<\/div>\n\t\t<\/div>\n\t\t\t\t\t<\/div>\n\t\t<\/section>\n\t\t\t\t<section class=\"elementor-section elementor-top-section elementor-element elementor-element-24af228 elementor-section-boxed elementor-section-height-default elementor-section-height-default\" data-id=\"24af228\" data-element_type=\"section\" data-e-type=\"section\" data-settings=\"{&quot;background_background&quot;:&quot;classic&quot;}\">\n\t\t\t\t\t\t\t<div class=\"elementor-background-overlay\"><\/div>\n\t\t\t\t\t\t\t<div class=\"elementor-container elementor-column-gap-default\">\n\t\t\t\t\t<div class=\"elementor-column elementor-col-50 elementor-top-column elementor-element elementor-element-20a7f990\" data-id=\"20a7f990\" data-element_type=\"column\" data-e-type=\"column\" data-settings=\"{&quot;background_background&quot;:&quot;classic&quot;}\">\n\t\t\t<div class=\"elementor-widget-wrap elementor-element-populated\">\n\t\t\t\t\t\t<div class=\"elementor-element elementor-element-3e98fb4c elementor-widget elementor-widget-spacer\" data-id=\"3e98fb4c\" data-element_type=\"widget\" data-e-type=\"widget\" data-widget_type=\"spacer.default\">\n\t\t\t\t<div class=\"elementor-widget-container\">\n\t\t\t\t\t\t\t<div class=\"elementor-spacer\">\n\t\t\t<div class=\"elementor-spacer-inner\"><\/div>\n\t\t<\/div>\n\t\t\t\t\t\t<\/div>\n\t\t\t\t<\/div>\n\t\t\t\t<div class=\"elementor-element elementor-element-4d58f8be elementor-widget elementor-widget-text-editor\" data-id=\"4d58f8be\" data-element_type=\"widget\" data-e-type=\"widget\" data-widget_type=\"text-editor.default\">\n\t\t\t\t<div class=\"elementor-widget-container\">\n\t\t\t\t\t\t\t\t\t<p style=\"text-align: left;\"><strong>Infrarotkameras<\/strong><\/p>\t\t\t\t\t\t\t\t<\/div>\n\t\t\t\t<\/div>\n\t\t\t\t<div class=\"elementor-element elementor-element-15f4da27 elementor-widget elementor-widget-text-editor\" data-id=\"15f4da27\" data-element_type=\"widget\" data-e-type=\"widget\" data-widget_type=\"text-editor.default\">\n\t\t\t\t<div class=\"elementor-widget-container\">\n\t\t\t\t\t\t\t\t\t<p>Gek\u00fchlte Quantendetektoren<\/p>\t\t\t\t\t\t\t\t<\/div>\n\t\t\t\t<\/div>\n\t\t\t\t<div class=\"elementor-element elementor-element-2be74c15 elementor-widget elementor-widget-text-editor\" data-id=\"2be74c15\" data-element_type=\"widget\" data-e-type=\"widget\" data-widget_type=\"text-editor.default\">\n\t\t\t\t<div class=\"elementor-widget-container\">\n\t\t\t\t\t\t\t\t\t<p style=\"text-align: left;\">NIR, SWIR, MWIR, LWIR, Dual-Color, Dual-Band<\/p>\t\t\t\t\t\t\t\t<\/div>\n\t\t\t\t<\/div>\n\t\t\t\t<div class=\"elementor-element elementor-element-180e2cab elementor-widget elementor-widget-text-editor\" data-id=\"180e2cab\" data-element_type=\"widget\" data-e-type=\"widget\" data-widget_type=\"text-editor.default\">\n\t\t\t\t<div class=\"elementor-widget-container\">\n\t\t\t\t\t\t\t\t\t<p style=\"text-align: left;\">Zahlreiche Konfigurationen und Optionen<\/p>\t\t\t\t\t\t\t\t<\/div>\n\t\t\t\t<\/div>\n\t\t\t\t\t<\/div>\n\t\t<\/div>\n\t\t\t\t<div class=\"elementor-column elementor-col-50 elementor-top-column elementor-element elementor-element-570acdb4\" data-id=\"570acdb4\" data-element_type=\"column\" data-e-type=\"column\" data-settings=\"{&quot;background_background&quot;:&quot;classic&quot;}\">\n\t\t\t<div class=\"elementor-widget-wrap elementor-element-populated\">\n\t\t\t\t\t<div class=\"elementor-background-overlay\"><\/div>\n\t\t\t\t\t\t<div class=\"elementor-element elementor-element-7c039708 elementor-widget elementor-widget-image\" data-id=\"7c039708\" data-element_type=\"widget\" data-e-type=\"widget\" data-widget_type=\"image.default\">\n\t\t\t\t<div class=\"elementor-widget-container\">\n\t\t\t\t\t\t\t\t\t\t\t\t\t\t\t<img decoding=\"async\" width=\"600\" height=\"400\" src=\"https:\/\/www.ircam.de\/wp-content\/uploads\/2021\/02\/2_Cameras_600x400-2.jpg\" class=\"attachment-full size-full wp-image-478\" alt=\"\" srcset=\"https:\/\/www.ircam.de\/wp-content\/uploads\/2021\/02\/2_Cameras_600x400-2.jpg 600w, https:\/\/www.ircam.de\/wp-content\/uploads\/2021\/02\/2_Cameras_600x400-2-300x200.jpg 300w\" sizes=\"(max-width: 600px) 100vw, 600px\" \/>\t\t\t\t\t\t\t\t\t\t\t\t\t\t\t<\/div>\n\t\t\t\t<\/div>\n\t\t\t\t\t<\/div>\n\t\t<\/div>\n\t\t\t\t\t<\/div>\n\t\t<\/section>\n\t\t\t\t<section class=\"elementor-section elementor-top-section elementor-element elementor-element-79f12fb1 elementor-section-boxed elementor-section-height-default elementor-section-height-default\" data-id=\"79f12fb1\" data-element_type=\"section\" data-e-type=\"section\" data-settings=\"{&quot;background_background&quot;:&quot;classic&quot;}\">\n\t\t\t\t\t\t<div class=\"elementor-container elementor-column-gap-default\">\n\t\t\t\t\t<div class=\"elementor-column elementor-col-100 elementor-top-column elementor-element elementor-element-6a1c9533\" data-id=\"6a1c9533\" data-element_type=\"column\" data-e-type=\"column\" data-settings=\"{&quot;background_background&quot;:&quot;classic&quot;}\">\n\t\t\t<div class=\"elementor-widget-wrap elementor-element-populated\">\n\t\t\t\t\t\t<div class=\"elementor-element elementor-element-3ffae741 elementor-widget elementor-widget-spacer\" data-id=\"3ffae741\" data-element_type=\"widget\" data-e-type=\"widget\" data-widget_type=\"spacer.default\">\n\t\t\t\t<div class=\"elementor-widget-container\">\n\t\t\t\t\t\t\t<div class=\"elementor-spacer\">\n\t\t\t<div class=\"elementor-spacer-inner\"><\/div>\n\t\t<\/div>\n\t\t\t\t\t\t<\/div>\n\t\t\t\t<\/div>\n\t\t\t\t\t<\/div>\n\t\t<\/div>\n\t\t\t\t\t<\/div>\n\t\t<\/section>\n\t\t\t\t<section class=\"elementor-section elementor-top-section elementor-element elementor-element-4731b637 elementor-section-boxed elementor-section-height-default elementor-section-height-default\" data-id=\"4731b637\" data-element_type=\"section\" data-e-type=\"section\" data-settings=\"{&quot;background_background&quot;:&quot;classic&quot;}\">\n\t\t\t\t\t\t<div class=\"elementor-container elementor-column-gap-default\">\n\t\t\t\t\t<div class=\"elementor-column elementor-col-100 elementor-top-column elementor-element elementor-element-9a316a3\" data-id=\"9a316a3\" data-element_type=\"column\" data-e-type=\"column\" data-settings=\"{&quot;background_background&quot;:&quot;classic&quot;}\">\n\t\t\t<div class=\"elementor-widget-wrap elementor-element-populated\">\n\t\t\t\t\t\t<div class=\"elementor-element elementor-element-5afd280b elementor-widget elementor-widget-text-editor\" data-id=\"5afd280b\" data-element_type=\"widget\" data-e-type=\"widget\" data-widget_type=\"text-editor.default\">\n\t\t\t\t<div class=\"elementor-widget-container\">\n\t\t\t\t\t\t\t\t\t<h3><span style=\"color: #59a8c9;\"><strong>Monoband-Infrarotkameras<\/strong><\/span><\/h3><p>\n<table id=\"tablepress-101\" class=\"tablepress tablepress-id-101 tablepress-responsive\">\n<thead>\n<tr class=\"row-1\">\n\t<th class=\"column-1\">Modell<\/th><th class=\"column-2\">Format [Pixel]<\/th><th class=\"column-3\">Spektralbereich<\/th><th class=\"column-4\">FPS<\/th><th class=\"column-5\">Pitch<\/th><th class=\"column-6\">Technologie<\/th>\n<\/tr>\n<\/thead>\n<tbody class=\"row-striping row-hover\">\n<tr class=\"row-2\">\n\t<td class=\"column-1\"><a href=\"\/?page_id=1423\">VELOX 2949k M<\/a><\/td><td class=\"column-2\">1920 x 1536<\/td><td class=\"column-3\">3,0 &#8211; 5,0 \u00b5m<\/td><td class=\"column-4\">50<\/td><td class=\"column-5\">10 \u00b5m<\/td><td class=\"column-6\">InSb<\/td>\n<\/tr>\n<tr class=\"row-3\">\n\t<td class=\"column-1\"><a href=\"\/?page_id=1392\">VELOX 1310k SM<\/a><\/td><td class=\"column-2\">1280 x 1024<\/td><td class=\"column-3\">1,5 &#8211; 5,5 \u00b5m<\/td><td class=\"column-4\">180<\/td><td class=\"column-5\">10 \u00b5m<\/td><td class=\"column-6\">InSb<\/td>\n<\/tr>\n<tr class=\"row-4\">\n\t<td class=\"column-1\"><a href=\"\/?page_id=1409\">VELOX 1310k SM<\/a><\/td><td class=\"column-2\">1280 x 1024<\/td><td class=\"column-3\">1,5 &#8211; 5,5 \u00b5m<\/td><td class=\"column-4\">100<\/td><td class=\"column-5\">15 \u00b5m<\/td><td class=\"column-6\">InSb<\/td>\n<\/tr>\n<tr class=\"row-5\">\n\t<td class=\"column-1\"><a href=\"\/?page_id=1367\">VELOX 1310k N<\/a><\/td><td class=\"column-2\">1280 x 1024<\/td><td class=\"column-3\">0,4 &#8211; 1,7 \u00b5m<\/td><td class=\"column-4\">180<\/td><td class=\"column-5\">10 \u00b5m<\/td><td class=\"column-6\">InGaAs<\/td>\n<\/tr>\n<tr class=\"row-6\">\n\t<td class=\"column-1\"><a href=\"\/?page_id=1375\">VELOX 1310k N<\/a><\/td><td class=\"column-2\">1280 x 1024<\/td><td class=\"column-3\">0,4 &#8211; 1,7 \u00b5m<\/td><td class=\"column-4\">134<\/td><td class=\"column-5\">5 \u00b5m<\/td><td class=\"column-6\">InGaAs<\/td>\n<\/tr>\n<tr class=\"row-7\">\n\t<td class=\"column-1\"><a href=\"\/?page_id=1597\">VELOX 921k M<\/a><\/td><td class=\"column-2\">1280 x 720<\/td><td class=\"column-3\">3,7 &#8211; 4,8 \u00b5m<\/td><td class=\"column-4\">85<\/td><td class=\"column-5\">10 \u00b5m<\/td><td class=\"column-6\">MCT<\/td>\n<\/tr>\n<tr class=\"row-8\">\n\t<td class=\"column-1\"><a href=\"\/?page_id=1504\">VELOX 327k N<\/a><\/td><td class=\"column-2\">640 x 512<\/td><td class=\"column-3\">0,5 &#8211; 1,7 \u00b5m<\/td><td class=\"column-4\">385<\/td><td class=\"column-5\">15 \u00b5m<\/td><td class=\"column-6\">InGaAs<\/td>\n<\/tr>\n<tr class=\"row-9\">\n\t<td class=\"column-1\"><a href=\"\/?page_id=1529\">VELOX 327k N<\/a><\/td><td class=\"column-2\">640 x 512<\/td><td class=\"column-3\">0,9 &#8211; 1,7 \u00b5m<\/td><td class=\"column-4\">177<\/td><td class=\"column-5\">15 \u00b5m<\/td><td class=\"column-6\">InGaAs<\/td>\n<\/tr>\n<tr class=\"row-10\">\n\t<td class=\"column-1\"><a href=\"\/?page_id=1518\">VELOX 327k N<\/a><\/td><td class=\"column-2\">640 x 512<\/td><td class=\"column-3\">0,5 &#8211; 1,7 \u00b5m<\/td><td class=\"column-4\">285<\/td><td class=\"column-5\">5 \u00b5m<\/td><td class=\"column-6\">InGaAs<\/td>\n<\/tr>\n<tr class=\"row-11\">\n\t<td class=\"column-1\"><a href=\"\/?page_id=1543\">VELOX 327k S<\/a><\/td><td class=\"column-2\">640 x 512<\/td><td class=\"column-3\">0,9 &#8211; 2,5 \u00b5m<\/td><td class=\"column-4\">100<\/td><td class=\"column-5\">15 \u00b5m<\/td><td class=\"column-6\">MCT<\/td>\n<\/tr>\n<tr class=\"row-12\">\n\t<td class=\"column-1\"><a href=\"\/?page_id=1551\">VELOX 327k SM<\/a><\/td><td class=\"column-2\">640 x 512<\/td><td class=\"column-3\">1,5 &#8211; 5,5 \u00b5m<\/td><td class=\"column-4\">355<\/td><td class=\"column-5\">15 \u00b5m<\/td><td class=\"column-6\">InSb<\/td>\n<\/tr>\n<tr class=\"row-13\">\n\t<td class=\"column-1\"><a href=\"\/?page_id=1573\">VELOX 327k SM<\/a><\/td><td class=\"column-2\">640 x 512<\/td><td class=\"column-3\">1,5 &#8211; 5,5 \u00b5m<\/td><td class=\"column-4\">1004<\/td><td class=\"column-5\">25 \u00b5m<\/td><td class=\"column-6\">InSb<\/td>\n<\/tr>\n<tr class=\"row-14\">\n\t<td class=\"column-1\"><a href=\"\/?page_id=1473\">VELOX 327k L<\/a><\/td><td class=\"column-2\">640 x 512<\/td><td class=\"column-3\">7,6 &#8211; 9,5 \u00b5m<\/td><td class=\"column-4\">355<\/td><td class=\"column-5\">15 \u00b5m<\/td><td class=\"column-6\">T2SL<\/td>\n<\/tr>\n<tr class=\"row-15\">\n\t<td class=\"column-1\"><a href=\"\/?page_id=1490\">VELOX 327k L<\/a><\/td><td class=\"column-2\">640 x 512<\/td><td class=\"column-3\">7,7 &#8211; 9,4 \u00b5m<\/td><td class=\"column-4\">234<\/td><td class=\"column-5\">15 \u00b5m<\/td><td class=\"column-6\">MCT<\/td>\n<\/tr>\n<tr class=\"row-16\">\n\t<td class=\"column-1\"><a href=\"\/?page_id=1448\">VELOX 327k eL<\/a><\/td><td class=\"column-2\">640 x 512<\/td><td class=\"column-3\">7,5 &#8211; 12 \u00b5m<\/td><td class=\"column-4\">1004<\/td><td class=\"column-5\">25 \u00b5m<\/td><td class=\"column-6\">T2SL<\/td>\n<\/tr>\n<tr class=\"row-17\">\n\t<td class=\"column-1\"><a href=\"\/?page_id=1459\">VELOX 327k eL<\/a><\/td><td class=\"column-2\">640 x 512<\/td><td class=\"column-3\">7,7 &#8211; 12 \u00b5m<\/td><td class=\"column-4\">122<\/td><td class=\"column-5\">15 \u00b5m<\/td><td class=\"column-6\">MCT<\/td>\n<\/tr>\n<tr class=\"row-18\">\n\t<td class=\"column-1\"><a href=\"\/?page_id=1589\">VELOX 81k SM<\/a><\/td><td class=\"column-2\">320 x 256<\/td><td class=\"column-3\">1,5 &#8211; 5,5 \u00b5m<\/td><td class=\"column-4\">384<\/td><td class=\"column-5\">30 \u00b5m<\/td><td class=\"column-6\">InSb<\/td>\n<\/tr>\n<tr class=\"row-19\">\n\t<td class=\"column-1\"><a href=\"\/?page_id=1581\">VELOX 81k M<\/a><\/td><td class=\"column-2\">320 x 256<\/td><td class=\"column-3\">3,0 &#8211; 5,0 \u00b5m<\/td><td class=\"column-4\">487<\/td><td class=\"column-5\">30 \u00b5m<\/td><td class=\"column-6\">MCT<\/td>\n<\/tr>\n<\/tbody>\n<\/table>\n<!-- #tablepress-101 from cache --><\/p><p>\u00a0<\/p><p>\u00a0<\/p><h3><span style=\"color: #59a8c9;\"><strong>Dual-Band \/ Dual-Color Infrarotkameras<\/strong><\/span><\/h3><p>\n<table id=\"tablepress-112\" class=\"tablepress tablepress-id-112 tablepress-responsive\">\n<thead>\n<tr class=\"row-1\">\n\t<th class=\"column-1\">Modell<\/th><th class=\"column-2\">Format [Pixel]<\/th><th class=\"column-3\">Spektralbereich<\/th><th class=\"column-4\">FPS<\/th><th class=\"column-5\">Pitch<\/th><th class=\"column-6\">Technologie<\/th>\n<\/tr>\n<\/thead>\n<tbody class=\"row-striping row-hover\">\n<tr class=\"row-2\">\n\t<td class=\"column-1\"><a href=\"\/?page_id=1350\">GEMINIS 81k MM<\/a><\/td><td class=\"column-2\">320 x 256<\/td><td class=\"column-3\">3,4 &#8211; 4,0 \u00b5m &amp; 4,5 &#8211; 5,0 \u00b5m<\/td><td class=\"column-4\">200<\/td><td class=\"column-5\">30 \u00b5m<\/td><td class=\"column-6\">MCT<\/td>\n<\/tr>\n<tr class=\"row-3\">\n\t<td class=\"column-1\"><a href=\"\/?page_id=1342\">GEMINIS 327k ML<\/a><\/td><td class=\"column-2\">640 x 512<\/td><td class=\"column-3\">3,7 &#8211; 5,0 \u00b5m &amp; 8,0 &#8211; 9,4 \u00b5m<\/td><td class=\"column-4\">60\/120<\/td><td class=\"column-5\">24 \u00b5m<\/td><td class=\"column-6\">MCT<\/td>\n<\/tr>\n<\/tbody>\n<\/table>\n<!-- #tablepress-112 from cache --><\/p><p>\u00a0<\/p><p>\u00a0<\/p><h3><span style=\"color: #59a8c9;\"><strong>Industrielle Infrarotkameras for Systemintegratoren\/OEMs<\/strong><\/span><\/h3><p>F\u00fcr Systemintegratoren bietet IRCAM &#8220;ma\u00dfgeschneiderte&#8221; Infrarotkameras (TAURUS Produktlinie), die f\u00fcr industrielle Anwendungen optimiert sind. Wir freuen uns auf Ihre Anfrage.<\/p>\t\t\t\t\t\t\t\t<\/div>\n\t\t\t\t<\/div>\n\t\t\t\t\t<\/div>\n\t\t<\/div>\n\t\t\t\t\t<\/div>\n\t\t<\/section>\n\t\t\t\t<section class=\"elementor-section elementor-top-section elementor-element elementor-element-721b5afe elementor-section-boxed elementor-section-height-default elementor-section-height-default\" data-id=\"721b5afe\" data-element_type=\"section\" data-e-type=\"section\" data-settings=\"{&quot;background_background&quot;:&quot;classic&quot;}\">\n\t\t\t\t\t\t<div class=\"elementor-container elementor-column-gap-default\">\n\t\t\t\t\t<div class=\"elementor-column elementor-col-100 elementor-top-column elementor-element elementor-element-6d0990c3\" data-id=\"6d0990c3\" data-element_type=\"column\" data-e-type=\"column\" data-settings=\"{&quot;background_background&quot;:&quot;classic&quot;}\">\n\t\t\t<div class=\"elementor-widget-wrap elementor-element-populated\">\n\t\t\t\t\t\t<div class=\"elementor-element elementor-element-768f5bef elementor-widget elementor-widget-spacer\" data-id=\"768f5bef\" data-element_type=\"widget\" data-e-type=\"widget\" data-widget_type=\"spacer.default\">\n\t\t\t\t<div class=\"elementor-widget-container\">\n\t\t\t\t\t\t\t<div class=\"elementor-spacer\">\n\t\t\t<div class=\"elementor-spacer-inner\"><\/div>\n\t\t<\/div>\n\t\t\t\t\t\t<\/div>\n\t\t\t\t<\/div>\n\t\t\t\t\t<\/div>\n\t\t<\/div>\n\t\t\t\t\t<\/div>\n\t\t<\/section>\n\t\t\t\t<\/div>\n\t\t","protected":false},"excerpt":{"rendered":"<p>Infrarotkameras Gek\u00fchlte Quantendetektoren NIR, SWIR, MWIR, LWIR, Dual-Color, Dual-Band Zahlreiche Konfigurationen und Optionen Monoband-Infrarotkameras \u00a0 \u00a0 Dual-Band \/ Dual-Color Infrarotkameras \u00a0 \u00a0 Industrielle Infrarotkameras for Systemintegratoren\/OEMs F\u00fcr Systemintegratoren bietet IRCAM &#8220;ma\u00dfgeschneiderte&#8221; Infrarotkameras (TAURUS Produktlinie), die f\u00fcr industrielle Anwendungen optimiert sind. Wir freuen uns auf Ihre Anfrage.<\/p>\n","protected":false},"author":1,"featured_media":0,"parent":0,"menu_order":0,"comment_status":"closed","ping_status":"closed","template":"elementor_canvas","meta":{"ocean_post_layout":"","ocean_both_sidebars_style":"","ocean_both_sidebars_content_width":0,"ocean_both_sidebars_sidebars_width":0,"ocean_sidebar":"0","ocean_second_sidebar":"0","ocean_disable_margins":"enable","ocean_add_body_class":"","ocean_shortcode_before_top_bar":"","ocean_shortcode_after_top_bar":"","ocean_shortcode_before_header":"","ocean_shortcode_after_header":"","ocean_has_shortcode":"","ocean_shortcode_after_title":"","ocean_shortcode_before_footer_widgets":"","ocean_shortcode_after_footer_widgets":"","ocean_shortcode_before_footer_bottom":"","ocean_shortcode_after_footer_bottom":"","ocean_display_top_bar":"default","ocean_display_header":"default","ocean_header_style":"","ocean_center_header_left_menu":"0","ocean_custom_header_template":"0","ocean_custom_logo":0,"ocean_custom_retina_logo":0,"ocean_custom_logo_max_width":0,"ocean_custom_logo_tablet_max_width":0,"ocean_custom_logo_mobile_max_width":0,"ocean_custom_logo_max_height":0,"ocean_custom_logo_tablet_max_height":0,"ocean_custom_logo_mobile_max_height":0,"ocean_header_custom_menu":"0","ocean_menu_typo_font_family":"0","ocean_menu_typo_font_subset":"","ocean_menu_typo_font_size":0,"ocean_menu_typo_font_size_tablet":0,"ocean_menu_typo_font_size_mobile":0,"ocean_menu_typo_font_size_unit":"px","ocean_menu_typo_font_weight":"","ocean_menu_typo_font_weight_tablet":"","ocean_menu_typo_font_weight_mobile":"","ocean_menu_typo_transform":"","ocean_menu_typo_transform_tablet":"","ocean_menu_typo_transform_mobile":"","ocean_menu_typo_line_height":0,"ocean_menu_typo_line_height_tablet":0,"ocean_menu_typo_line_height_mobile":0,"ocean_menu_typo_line_height_unit":"","ocean_menu_typo_spacing":0,"ocean_menu_typo_spacing_tablet":0,"ocean_menu_typo_spacing_mobile":0,"ocean_menu_typo_spacing_unit":"","ocean_menu_link_color":"","ocean_menu_link_color_hover":"","ocean_menu_link_color_active":"","ocean_menu_link_background":"","ocean_menu_link_hover_background":"","ocean_menu_link_active_background":"","ocean_menu_social_links_bg":"","ocean_menu_social_hover_links_bg":"","ocean_menu_social_links_color":"","ocean_menu_social_hover_links_color":"","ocean_disable_title":"default","ocean_disable_heading":"default","ocean_post_title":"","ocean_post_subheading":"","ocean_post_title_style":"","ocean_post_title_background_color":"","ocean_post_title_background":0,"ocean_post_title_bg_image_position":"","ocean_post_title_bg_image_attachment":"","ocean_post_title_bg_image_repeat":"","ocean_post_title_bg_image_size":"","ocean_post_title_height":0,"ocean_post_title_bg_overlay":0.5,"ocean_post_title_bg_overlay_color":"","ocean_disable_breadcrumbs":"default","ocean_breadcrumbs_color":"","ocean_breadcrumbs_separator_color":"","ocean_breadcrumbs_links_color":"","ocean_breadcrumbs_links_hover_color":"","ocean_display_footer_widgets":"default","ocean_display_footer_bottom":"default","ocean_custom_footer_template":"0","footnotes":""},"class_list":["post-1084","page","type-page","status-publish","hentry","entry"],"_links":{"self":[{"href":"https:\/\/www.ircam.de\/index.php?rest_route=\/wp\/v2\/pages\/1084","targetHints":{"allow":["GET"]}}],"collection":[{"href":"https:\/\/www.ircam.de\/index.php?rest_route=\/wp\/v2\/pages"}],"about":[{"href":"https:\/\/www.ircam.de\/index.php?rest_route=\/wp\/v2\/types\/page"}],"author":[{"embeddable":true,"href":"https:\/\/www.ircam.de\/index.php?rest_route=\/wp\/v2\/users\/1"}],"replies":[{"embeddable":true,"href":"https:\/\/www.ircam.de\/index.php?rest_route=%2Fwp%2Fv2%2Fcomments&post=1084"}],"version-history":[{"count":28,"href":"https:\/\/www.ircam.de\/index.php?rest_route=\/wp\/v2\/pages\/1084\/revisions"}],"predecessor-version":[{"id":1673,"href":"https:\/\/www.ircam.de\/index.php?rest_route=\/wp\/v2\/pages\/1084\/revisions\/1673"}],"wp:attachment":[{"href":"https:\/\/www.ircam.de\/index.php?rest_route=%2Fwp%2Fv2%2Fmedia&parent=1084"}],"curies":[{"name":"wp","href":"https:\/\/api.w.org\/{rel}","templated":true}]}}